{"id":8175,"date":"2025-06-09T08:00:37","date_gmt":"2025-06-09T08:00:37","guid":{"rendered":"https:\/\/magazzinimanzanesi.it\/?post_type=product&#038;p=8175"},"modified":"2025-08-14T12:44:23","modified_gmt":"2025-08-14T12:44:23","slug":"pistolet-a-colle-copia","status":"publish","type":"product","link":"https:\/\/magazzinimanzanesi.it\/fr\/catalogue\/outils\/doseurs-a-colle\/pistolet-a-colle-copia\/","title":{"rendered":"Pistolet \u00e0 colle \u00e9co"},"content":{"rendered":"<h1>Applicateur de colle \u00e9conomique<\/h1>\n<p>&nbsp;<\/p>\n<h2>Pistolet \u00e0 colle \u00e9cologique : pratique et polyvalent<\/h2>\n<p>Pistolet \u00e0 colle \u00e9cologique pour doseur de colle vinylique avec buse. Fabriqu\u00e9 en aluminium moul\u00e9, ce pistolet \u00e0 colle \u00e9conomique est con\u00e7u pour r\u00e9duire au minimum les temps d&#8217;entretien.<\/p>\n","protected":false},"excerpt":{"rendered":"<p>Applicateur de colle \u00e9conomique &nbsp; Pistolet \u00e0 colle \u00e9cologique : pratique et polyvalent Pistolet \u00e0 colle \u00e9cologique pour doseur de colle vinylique avec buse. Fabriqu\u00e9 en aluminium moul\u00e9, ce pistolet \u00e0 colle \u00e9conomique est con\u00e7u pour r\u00e9duire au minimum les temps d&#8217;entretien.<\/p>\n","protected":false},"featured_media":8168,"comment_status":"closed","ping_status":"closed","template":"","meta":{"_acf_changed":false},"product_brand":[],"product_cat":[141,138],"product_tag":[],"class_list":{"0":"post-8175","1":"product","2":"type-product","3":"status-publish","4":"has-post-thumbnail","6":"product_cat-doseurs-a-colle","7":"product_cat-outils","9":"first","10":"instock","11":"shipping-taxable","12":"product-type-simple"},"acf":[],"_links":{"self":[{"href":"https:\/\/magazzinimanzanesi.it\/fr\/wp-json\/wp\/v2\/product\/8175","targetHints":{"allow":["GET"]}}],"collection":[{"href":"https:\/\/magazzinimanzanesi.it\/fr\/wp-json\/wp\/v2\/product"}],"about":[{"href":"https:\/\/magazzinimanzanesi.it\/fr\/wp-json\/wp\/v2\/types\/product"}],"replies":[{"embeddable":true,"href":"https:\/\/magazzinimanzanesi.it\/fr\/wp-json\/wp\/v2\/comments?post=8175"}],"wp:featuredmedia":[{"embeddable":true,"href":"https:\/\/magazzinimanzanesi.it\/fr\/wp-json\/wp\/v2\/media\/8168"}],"wp:attachment":[{"href":"https:\/\/magazzinimanzanesi.it\/fr\/wp-json\/wp\/v2\/media?parent=8175"}],"wp:term":[{"taxonomy":"product_brand","embeddable":true,"href":"https:\/\/magazzinimanzanesi.it\/fr\/wp-json\/wp\/v2\/product_brand?post=8175"},{"taxonomy":"product_cat","embeddable":true,"href":"https:\/\/magazzinimanzanesi.it\/fr\/wp-json\/wp\/v2\/product_cat?post=8175"},{"taxonomy":"product_tag","embeddable":true,"href":"https:\/\/magazzinimanzanesi.it\/fr\/wp-json\/wp\/v2\/product_tag?post=8175"}],"curies":[{"name":"wp","href":"https:\/\/api.w.org\/{rel}","templated":true}]}}