{"id":8190,"date":"2025-06-09T09:21:29","date_gmt":"2025-06-09T09:21:29","guid":{"rendered":"https:\/\/magazzinimanzanesi.it\/?post_type=product&#038;p=8190"},"modified":"2025-08-14T10:54:03","modified_gmt":"2025-08-14T10:54:03","slug":"equerre-en-fer-a-4-trous-copia-2","status":"publish","type":"product","link":"https:\/\/magazzinimanzanesi.it\/fr\/catalogue\/pour-meubles\/equerres\/equerre-en-fer-a-4-trous-copia-2\/","title":{"rendered":"Plaque en fer droite \u00e0 \u00e9paisseur accrue"},"content":{"rendered":"<h1>Plaque en fer lourde<\/h1>\n<p>&nbsp;<\/p>\n<h2>Plaque en fer droite \u00e0 \u00e9paisseur accrue : solide et r\u00e9sistante<\/h2>\n<p>Plaque en fer droite \u00e0 \u00e9paisseur accrue adapt\u00e9e \u00e0 l&#8217;assemblage de plans parall\u00e8les.<\/p>\n<h3><\/h3>\n<h3>Plaque en fer droite \u00e0 \u00e9paisseur accrue \u2013 Dimensions :<\/h3>\n<ul>\n<li>90x40x2,5 mm<\/li>\n<li>200x20x5 mm<\/li>\n<\/ul>\n<p>&nbsp;<\/p>\n<p>Autres dimensions et traitements galvaniques disponibles sur demande.<\/p>\n","protected":false},"excerpt":{"rendered":"<p>Plaque en fer lourde &nbsp; Plaque en fer droite \u00e0 \u00e9paisseur accrue : solide et r\u00e9sistante Plaque en fer droite \u00e0 \u00e9paisseur accrue adapt\u00e9e \u00e0 l&#8217;assemblage de plans parall\u00e8les. Plaque en fer droite \u00e0 \u00e9paisseur accrue \u2013 Dimensions : 90x40x2,5 mm 200x20x5 mm &nbsp; Autres dimensions et traitements galvaniques disponibles sur demande.<\/p>\n","protected":false},"featured_media":8113,"comment_status":"closed","ping_status":"closed","template":"","meta":{"_acf_changed":false},"product_brand":[],"product_cat":[165,152],"product_tag":[],"class_list":{"0":"post-8190","1":"product","2":"type-product","3":"status-publish","4":"has-post-thumbnail","6":"product_cat-equerres","7":"product_cat-pour-meubles","9":"first","10":"instock","11":"product-type-simple"},"acf":[],"_links":{"self":[{"href":"https:\/\/magazzinimanzanesi.it\/fr\/wp-json\/wp\/v2\/product\/8190","targetHints":{"allow":["GET"]}}],"collection":[{"href":"https:\/\/magazzinimanzanesi.it\/fr\/wp-json\/wp\/v2\/product"}],"about":[{"href":"https:\/\/magazzinimanzanesi.it\/fr\/wp-json\/wp\/v2\/types\/product"}],"replies":[{"embeddable":true,"href":"https:\/\/magazzinimanzanesi.it\/fr\/wp-json\/wp\/v2\/comments?post=8190"}],"wp:featuredmedia":[{"embeddable":true,"href":"https:\/\/magazzinimanzanesi.it\/fr\/wp-json\/wp\/v2\/media\/8113"}],"wp:attachment":[{"href":"https:\/\/magazzinimanzanesi.it\/fr\/wp-json\/wp\/v2\/media?parent=8190"}],"wp:term":[{"taxonomy":"product_brand","embeddable":true,"href":"https:\/\/magazzinimanzanesi.it\/fr\/wp-json\/wp\/v2\/product_brand?post=8190"},{"taxonomy":"product_cat","embeddable":true,"href":"https:\/\/magazzinimanzanesi.it\/fr\/wp-json\/wp\/v2\/product_cat?post=8190"},{"taxonomy":"product_tag","embeddable":true,"href":"https:\/\/magazzinimanzanesi.it\/fr\/wp-json\/wp\/v2\/product_tag?post=8190"}],"curies":[{"name":"wp","href":"https:\/\/api.w.org\/{rel}","templated":true}]}}