{"id":8218,"date":"2025-06-09T14:28:58","date_gmt":"2025-06-09T14:28:58","guid":{"rendered":"https:\/\/magazzinimanzanesi.it\/?post_type=product&#038;p=8218"},"modified":"2025-08-14T09:40:38","modified_gmt":"2025-08-14T09:40:38","slug":"embout-de-vissage-anti-grippage-copia","status":"publish","type":"product","link":"https:\/\/magazzinimanzanesi.it\/fr\/catalogue\/visserie\/inserts-pour-visseuse\/embout-de-vissage-anti-grippage-copia\/","title":{"rendered":"Visseuse pour vis sans t\u00eate"},"content":{"rendered":"<h1>Visseuse pour vis sans t\u00eate<\/h1>\n<p>&nbsp;<\/p>\n<h2>Visseuse pour vis sans t\u00eate : pour un vissage rapide<\/h2>\n<p>Visseuse pour vis sans t\u00eate pour le montage de vis sans t\u00eate, de goujons, de vis de jonction et d&#8217;autres \u00e9l\u00e9ments filet\u00e9s. Raccord 1\/4\u2033.<\/p>\n<p>&nbsp;<\/p>\n<h3>Visseuses pour vis sans t\u00eate \u2013 Dimensions :<\/h3>\n<p>De M6 \u00e0 M10<\/p>\n<p>&nbsp;<\/p>\n","protected":false},"excerpt":{"rendered":"<p>Visseuse pour vis sans t\u00eate &nbsp; Visseuse pour vis sans t\u00eate : pour un vissage rapide Visseuse pour vis sans t\u00eate pour le montage de vis sans t\u00eate, de goujons, de vis de jonction et d&#8217;autres \u00e9l\u00e9ments filet\u00e9s. Raccord 1\/4\u2033. &nbsp; Visseuses pour vis sans t\u00eate \u2013 Dimensions : De M6 \u00e0 M10 &nbsp;<\/p>\n","protected":false},"featured_media":8143,"comment_status":"closed","ping_status":"closed","template":"","meta":{"_acf_changed":false},"product_brand":[],"product_cat":[181,177],"product_tag":[],"class_list":{"0":"post-8218","1":"product","2":"type-product","3":"status-publish","4":"has-post-thumbnail","6":"product_cat-inserts-pour-visseuse","7":"product_cat-visserie","9":"first","10":"instock","11":"product-type-simple"},"acf":[],"_links":{"self":[{"href":"https:\/\/magazzinimanzanesi.it\/fr\/wp-json\/wp\/v2\/product\/8218","targetHints":{"allow":["GET"]}}],"collection":[{"href":"https:\/\/magazzinimanzanesi.it\/fr\/wp-json\/wp\/v2\/product"}],"about":[{"href":"https:\/\/magazzinimanzanesi.it\/fr\/wp-json\/wp\/v2\/types\/product"}],"replies":[{"embeddable":true,"href":"https:\/\/magazzinimanzanesi.it\/fr\/wp-json\/wp\/v2\/comments?post=8218"}],"wp:featuredmedia":[{"embeddable":true,"href":"https:\/\/magazzinimanzanesi.it\/fr\/wp-json\/wp\/v2\/media\/8143"}],"wp:attachment":[{"href":"https:\/\/magazzinimanzanesi.it\/fr\/wp-json\/wp\/v2\/media?parent=8218"}],"wp:term":[{"taxonomy":"product_brand","embeddable":true,"href":"https:\/\/magazzinimanzanesi.it\/fr\/wp-json\/wp\/v2\/product_brand?post=8218"},{"taxonomy":"product_cat","embeddable":true,"href":"https:\/\/magazzinimanzanesi.it\/fr\/wp-json\/wp\/v2\/product_cat?post=8218"},{"taxonomy":"product_tag","embeddable":true,"href":"https:\/\/magazzinimanzanesi.it\/fr\/wp-json\/wp\/v2\/product_tag?post=8218"}],"curies":[{"name":"wp","href":"https:\/\/api.w.org\/{rel}","templated":true}]}}