{"id":8223,"date":"2025-06-09T14:54:07","date_gmt":"2025-06-09T14:54:07","guid":{"rendered":"https:\/\/magazzinimanzanesi.it\/?post_type=product&#038;p=8223"},"modified":"2025-08-14T09:08:15","modified_gmt":"2025-08-14T09:08:15","slug":"ecrous-hexagonaux-hauts-uni-5587-copia","status":"publish","type":"product","link":"https:\/\/magazzinimanzanesi.it\/fr\/catalogue\/visserie\/ecrous\/ecrous-hexagonaux-hauts-uni-5587-copia\/","title":{"rendered":"\u00c9crou hexagonal allong\u00e9 UNI 5535"},"content":{"rendered":"<h1>\u00c9crou de jonction<\/h1>\n<p>&nbsp;<\/p>\n<h2>\u00c9crou hexagonal allong\u00e9 UNI 5535 : couple de serrage maximal<\/h2>\n<p>\u00c9crou hexagonal allong\u00e9 UNI 5535 en acier zingu\u00e9 classe 8.8 avec filetage m\u00e9trique ISO.<\/p>\n<p>Id\u00e9al dans les contextes qui n\u00e9cessitent l&#8217;application d&#8217;un joint.<\/p>\n<p>&nbsp;<\/p>\n<h3>\u00c9crou hexagonal prolong\u00e9 UNI 5535 \u2013 Dimensions :<\/h3>\n<p>De M6 \u00e0 M12<\/p>\n","protected":false},"excerpt":{"rendered":"<p>\u00c9crou de jonction &nbsp; \u00c9crou hexagonal allong\u00e9 UNI 5535 : couple de serrage maximal \u00c9crou hexagonal allong\u00e9 UNI 5535 en acier zingu\u00e9 classe 8.8 avec filetage m\u00e9trique ISO. Id\u00e9al dans les contextes qui n\u00e9cessitent l&#8217;application d&#8217;un joint. &nbsp; \u00c9crou hexagonal prolong\u00e9 UNI 5535 \u2013 Dimensions : De M6 \u00e0 M12<\/p>\n","protected":false},"featured_media":8118,"comment_status":"closed","ping_status":"closed","template":"","meta":{"_acf_changed":false},"product_brand":[],"product_cat":[180,177],"product_tag":[],"class_list":{"0":"post-8223","1":"product","2":"type-product","3":"status-publish","4":"has-post-thumbnail","6":"product_cat-ecrous","7":"product_cat-visserie","9":"first","10":"instock","11":"product-type-simple"},"acf":[],"_links":{"self":[{"href":"https:\/\/magazzinimanzanesi.it\/fr\/wp-json\/wp\/v2\/product\/8223","targetHints":{"allow":["GET"]}}],"collection":[{"href":"https:\/\/magazzinimanzanesi.it\/fr\/wp-json\/wp\/v2\/product"}],"about":[{"href":"https:\/\/magazzinimanzanesi.it\/fr\/wp-json\/wp\/v2\/types\/product"}],"replies":[{"embeddable":true,"href":"https:\/\/magazzinimanzanesi.it\/fr\/wp-json\/wp\/v2\/comments?post=8223"}],"wp:featuredmedia":[{"embeddable":true,"href":"https:\/\/magazzinimanzanesi.it\/fr\/wp-json\/wp\/v2\/media\/8118"}],"wp:attachment":[{"href":"https:\/\/magazzinimanzanesi.it\/fr\/wp-json\/wp\/v2\/media?parent=8223"}],"wp:term":[{"taxonomy":"product_brand","embeddable":true,"href":"https:\/\/magazzinimanzanesi.it\/fr\/wp-json\/wp\/v2\/product_brand?post=8223"},{"taxonomy":"product_cat","embeddable":true,"href":"https:\/\/magazzinimanzanesi.it\/fr\/wp-json\/wp\/v2\/product_cat?post=8223"},{"taxonomy":"product_tag","embeddable":true,"href":"https:\/\/magazzinimanzanesi.it\/fr\/wp-json\/wp\/v2\/product_tag?post=8223"}],"curies":[{"name":"wp","href":"https:\/\/api.w.org\/{rel}","templated":true}]}}