{"id":8314,"date":"2025-07-08T14:49:29","date_gmt":"2025-07-08T14:49:29","guid":{"rendered":"https:\/\/magazzinimanzanesi.it\/?post_type=product&#038;p=8314"},"modified":"2025-08-14T08:43:25","modified_gmt":"2025-08-14T08:43:25","slug":"vis-tbce-iso-7380","status":"publish","type":"product","link":"https:\/\/magazzinimanzanesi.it\/fr\/catalogue\/visserie\/vis-metriques\/vis-tbce-iso-7380\/","title":{"rendered":"Vis TBCE ISO 7380"},"content":{"rendered":"<h1>Vis \u00e0 t\u00eate bomb\u00e9e<\/h1>\n<p>&nbsp;<\/p>\n<h2>Vis TBCE ISO7380 : empreinte hexagonale pour un serrage s\u00fbr<\/h2>\n<p>Vis TBCE ISO7380 \u00e0 t\u00eate bomb\u00e9e avec empreinte hexagonale et filetage m\u00e9trique ISO destin\u00e9es \u00e0 la fixation d&#8217;\u00e9l\u00e9ments en fer. Fabriqu\u00e9es en acier de classe 10.9 pour une application \u00e0 couple de serrage \u00e9lev\u00e9 et une r\u00e9sistance \u00e9lev\u00e9e \u00e0 la charge de rupture.<\/p>\n<p>&nbsp;<\/p>\n<h3>Vis TBCE ISO7380 \u2013 Dimensions :<\/h3>\n<p>\u2022 De M4x14 \u00e0 M8x110<\/p>\n<p>&nbsp;<\/p>\n<p><strong>Finitions sur demande :<\/strong><\/p>\n<p>\u2022 bruni<br \/>\n\u2022 zingu\u00e9 blanc<br \/>\n\u2022 zingu\u00e9 jaune<br \/>\n\u2022 zingu\u00e9 noir<br \/>\n\u2022 nickel\u00e9<\/p>\n","protected":false},"excerpt":{"rendered":"<p>Vis \u00e0 t\u00eate bomb\u00e9e &nbsp; Vis TBCE ISO7380 : empreinte hexagonale pour un serrage s\u00fbr Vis TBCE ISO7380 \u00e0 t\u00eate bomb\u00e9e avec empreinte hexagonale et filetage m\u00e9trique ISO destin\u00e9es \u00e0 la fixation d&#8217;\u00e9l\u00e9ments en fer. Fabriqu\u00e9es en acier de classe 10.9 pour une application \u00e0 couple de serrage \u00e9lev\u00e9 et une r\u00e9sistance \u00e9lev\u00e9e \u00e0 la [&hellip;]<\/p>\n","protected":false},"featured_media":8282,"comment_status":"closed","ping_status":"closed","template":"","meta":{"_acf_changed":false},"product_brand":[],"product_cat":[185,177],"product_tag":[],"class_list":{"0":"post-8314","1":"product","2":"type-product","3":"status-publish","4":"has-post-thumbnail","6":"product_cat-vis-metriques","7":"product_cat-visserie","9":"first","10":"instock","11":"product-type-simple"},"acf":[],"_links":{"self":[{"href":"https:\/\/magazzinimanzanesi.it\/fr\/wp-json\/wp\/v2\/product\/8314","targetHints":{"allow":["GET"]}}],"collection":[{"href":"https:\/\/magazzinimanzanesi.it\/fr\/wp-json\/wp\/v2\/product"}],"about":[{"href":"https:\/\/magazzinimanzanesi.it\/fr\/wp-json\/wp\/v2\/types\/product"}],"replies":[{"embeddable":true,"href":"https:\/\/magazzinimanzanesi.it\/fr\/wp-json\/wp\/v2\/comments?post=8314"}],"wp:featuredmedia":[{"embeddable":true,"href":"https:\/\/magazzinimanzanesi.it\/fr\/wp-json\/wp\/v2\/media\/8282"}],"wp:attachment":[{"href":"https:\/\/magazzinimanzanesi.it\/fr\/wp-json\/wp\/v2\/media?parent=8314"}],"wp:term":[{"taxonomy":"product_brand","embeddable":true,"href":"https:\/\/magazzinimanzanesi.it\/fr\/wp-json\/wp\/v2\/product_brand?post=8314"},{"taxonomy":"product_cat","embeddable":true,"href":"https:\/\/magazzinimanzanesi.it\/fr\/wp-json\/wp\/v2\/product_cat?post=8314"},{"taxonomy":"product_tag","embeddable":true,"href":"https:\/\/magazzinimanzanesi.it\/fr\/wp-json\/wp\/v2\/product_tag?post=8314"}],"curies":[{"name":"wp","href":"https:\/\/api.w.org\/{rel}","templated":true}]}}