{"id":8319,"date":"2025-07-08T15:06:44","date_gmt":"2025-07-08T15:06:44","guid":{"rendered":"https:\/\/magazzinimanzanesi.it\/?post_type=product&#038;p=8319"},"modified":"2025-08-14T08:27:46","modified_gmt":"2025-08-14T08:27:46","slug":"butees-avec-clou-en-plastique-et-feutre-rond","status":"publish","type":"product","link":"https:\/\/magazzinimanzanesi.it\/fr\/catalogue\/pare-coups-et-pieds\/pare-coups-avec-clou\/butees-avec-clou-en-plastique-et-feutre-rond\/","title":{"rendered":"But\u00e9es avec clou en plastique et feutre rond"},"content":{"rendered":"<h1>Patins en plastique et feutre avec clou rond<\/h1>\n<p>&nbsp;<\/p>\n<h2>But\u00e9es avec clou en plastique et feutre rond : souples et silencieuses<\/h2>\n<p>Les patins pare-chocs avec clou en plastique et feutre rond sont particuli\u00e8rement indiqu\u00e9s comme base pour les si\u00e8ges et les meubles qui reposent sur des sols d\u00e9licats tels que ceux en bois ou pour les surfaces qui n\u00e9cessitent une plus grande attention. La fabrication du patin pr\u00e9voit que le feutre soit fondu dans le plastique, et non coll\u00e9. Cela emp\u00eache les deux parties de se d\u00e9tacher, garantissant ainsi une r\u00e9sistance \u00e9lev\u00e9e et une tr\u00e8s longue dur\u00e9e de vie.<\/p>\n<p>&nbsp;<\/p>\n<h3>Patins avec clou en plastique et feutre rond \u2013 Dimensions :<\/h3>\n<p>\u2022 \u00d8 plastique de 16 mm \u00e0 31 mm<br \/>\n\u2022 \u00d8 feutre de 14 mm \u00e0 28 mm<br \/>\n\u2022 hauteur totale 8 mm<br \/>\n\u2022 \u00e9paisseur du feutre 5 mm<br \/>\n\u2022 longueur du clou 13 mm<\/p>\n<p>&nbsp;<\/p>\n<p><strong>Couleurs disponibles :<\/strong><br \/>\n\u2022 blanc avec feutre blanc<br \/>\n\u2022 marron avec feutre marron<br \/>\n\u2022 noir avec feutre marron<\/p>\n","protected":false},"excerpt":{"rendered":"<p>Patins en plastique et feutre avec clou rond &nbsp; But\u00e9es avec clou en plastique et feutre rond : souples et silencieuses Les patins pare-chocs avec clou en plastique et feutre rond sont particuli\u00e8rement indiqu\u00e9s comme base pour les si\u00e8ges et les meubles qui reposent sur des sols d\u00e9licats tels que ceux en bois ou pour [&hellip;]<\/p>\n","protected":false},"featured_media":8292,"comment_status":"closed","ping_status":"closed","template":"","meta":{"_acf_changed":false},"product_brand":[],"product_cat":[146,145],"product_tag":[],"class_list":{"0":"post-8319","1":"product","2":"type-product","3":"status-publish","4":"has-post-thumbnail","6":"product_cat-pare-coups-avec-clou","7":"product_cat-pare-coups-et-pieds","9":"first","10":"instock","11":"product-type-simple"},"acf":[],"_links":{"self":[{"href":"https:\/\/magazzinimanzanesi.it\/fr\/wp-json\/wp\/v2\/product\/8319","targetHints":{"allow":["GET"]}}],"collection":[{"href":"https:\/\/magazzinimanzanesi.it\/fr\/wp-json\/wp\/v2\/product"}],"about":[{"href":"https:\/\/magazzinimanzanesi.it\/fr\/wp-json\/wp\/v2\/types\/product"}],"replies":[{"embeddable":true,"href":"https:\/\/magazzinimanzanesi.it\/fr\/wp-json\/wp\/v2\/comments?post=8319"}],"wp:featuredmedia":[{"embeddable":true,"href":"https:\/\/magazzinimanzanesi.it\/fr\/wp-json\/wp\/v2\/media\/8292"}],"wp:attachment":[{"href":"https:\/\/magazzinimanzanesi.it\/fr\/wp-json\/wp\/v2\/media?parent=8319"}],"wp:term":[{"taxonomy":"product_brand","embeddable":true,"href":"https:\/\/magazzinimanzanesi.it\/fr\/wp-json\/wp\/v2\/product_brand?post=8319"},{"taxonomy":"product_cat","embeddable":true,"href":"https:\/\/magazzinimanzanesi.it\/fr\/wp-json\/wp\/v2\/product_cat?post=8319"},{"taxonomy":"product_tag","embeddable":true,"href":"https:\/\/magazzinimanzanesi.it\/fr\/wp-json\/wp\/v2\/product_tag?post=8319"}],"curies":[{"name":"wp","href":"https:\/\/api.w.org\/{rel}","templated":true}]}}