{"id":8344,"date":"2025-07-09T08:19:05","date_gmt":"2025-07-09T08:19:05","guid":{"rendered":"https:\/\/magazzinimanzanesi.it\/?post_type=product&#038;p=8344"},"modified":"2025-08-14T07:55:32","modified_gmt":"2025-08-14T07:55:32","slug":"glissieres-acier-feutre-avec-vis-copia-copia","status":"publish","type":"product","link":"https:\/\/magazzinimanzanesi.it\/fr\/catalogue\/pare-coups-et-pieds\/pare-chocs-avec-vis\/glissieres-acier-feutre-avec-vis-copia-copia\/","title":{"rendered":"Pieds en plastique et feutre rond avec vis"},"content":{"rendered":"<h1>Pieds en plastique et feutre rond avec vis<\/h1>\n<p>&nbsp;<\/p>\n<h2>Patins en plastique et feutre rond avec vis : r\u00e9sistants et d\u00e9licats<\/h2>\n<p>Patins en plastique et feutre rond avec vis (PZ1). La structure en plastique rend ce pied l\u00e9ger et r\u00e9sistant, tandis que sa base en feutre rond le rend id\u00e9al pour une utilisation sur des pieds inclin\u00e9s.<\/p>\n<p>Protection stable et durable pour les meubles et les surfaces d\u00e9licates.R\u00e9sistants, faciles \u00e0 installer et pratiques \u00e0 remplacer<\/p>\n<p>&nbsp;<\/p>\n<h3>Patins en plastique et feutre rond avec vis \u2013 Dimensions :<\/h3>\n<p>plastique : h 2 mm<\/p>\n<p>feutre : h 10 mm<\/p>\n<p>vis : PZ1<\/p>\n<p>&nbsp;<\/p>\n","protected":false},"excerpt":{"rendered":"<p>Pieds en plastique et feutre rond avec vis &nbsp; Patins en plastique et feutre rond avec vis : r\u00e9sistants et d\u00e9licats Patins en plastique et feutre rond avec vis (PZ1). La structure en plastique rend ce pied l\u00e9ger et r\u00e9sistant, tandis que sa base en feutre rond le rend id\u00e9al pour une utilisation sur des [&hellip;]<\/p>\n","protected":false},"featured_media":8332,"comment_status":"closed","ping_status":"closed","template":"","meta":{"_acf_changed":false},"product_brand":[],"product_cat":[147,145],"product_tag":[],"class_list":{"0":"post-8344","1":"product","2":"type-product","3":"status-publish","4":"has-post-thumbnail","6":"product_cat-pare-chocs-avec-vis","7":"product_cat-pare-coups-et-pieds","9":"first","10":"instock","11":"shipping-taxable","12":"product-type-simple"},"acf":[],"_links":{"self":[{"href":"https:\/\/magazzinimanzanesi.it\/fr\/wp-json\/wp\/v2\/product\/8344","targetHints":{"allow":["GET"]}}],"collection":[{"href":"https:\/\/magazzinimanzanesi.it\/fr\/wp-json\/wp\/v2\/product"}],"about":[{"href":"https:\/\/magazzinimanzanesi.it\/fr\/wp-json\/wp\/v2\/types\/product"}],"replies":[{"embeddable":true,"href":"https:\/\/magazzinimanzanesi.it\/fr\/wp-json\/wp\/v2\/comments?post=8344"}],"wp:featuredmedia":[{"embeddable":true,"href":"https:\/\/magazzinimanzanesi.it\/fr\/wp-json\/wp\/v2\/media\/8332"}],"wp:attachment":[{"href":"https:\/\/magazzinimanzanesi.it\/fr\/wp-json\/wp\/v2\/media?parent=8344"}],"wp:term":[{"taxonomy":"product_brand","embeddable":true,"href":"https:\/\/magazzinimanzanesi.it\/fr\/wp-json\/wp\/v2\/product_brand?post=8344"},{"taxonomy":"product_cat","embeddable":true,"href":"https:\/\/magazzinimanzanesi.it\/fr\/wp-json\/wp\/v2\/product_cat?post=8344"},{"taxonomy":"product_tag","embeddable":true,"href":"https:\/\/magazzinimanzanesi.it\/fr\/wp-json\/wp\/v2\/product_tag?post=8344"}],"curies":[{"name":"wp","href":"https:\/\/api.w.org\/{rel}","templated":true}]}}