{"id":8349,"date":"2025-07-09T08:47:42","date_gmt":"2025-07-09T08:47:42","guid":{"rendered":"https:\/\/magazzinimanzanesi.it\/?post_type=product&#038;p=8349"},"modified":"2025-08-13T15:32:08","modified_gmt":"2025-08-13T15:32:08","slug":"embouts-et-semelles-interieures-en-feutre-copia","status":"publish","type":"product","link":"https:\/\/magazzinimanzanesi.it\/fr\/catalogue\/pare-coups-et-pieds\/embouts-et-coussinets\/embouts-et-semelles-interieures-en-feutre-copia\/","title":{"rendered":"Embout avec feutre rond"},"content":{"rendered":"<h1>Embout en plastique avec feutre rond<\/h1>\n<p>&nbsp;<\/p>\n<h2>Embout avec feutre rond : pour pieds tubulaires inclin\u00e9s<\/h2>\n<p>Les embouts avec feutre rond sont la solution id\u00e9ale comme base pour les si\u00e8ges et les meubles qui n\u00e9cessitent un support encastr\u00e9 applicable sur des bases inclin\u00e9es. Le profil ail\u00e9 de la tige permet une installation rapide tout en assurant une excellente tenue \u00e0 l&#8217;int\u00e9rieur du tube. Le feutre rond qui recouvre la base les rend id\u00e9aux pour une utilisation sur des surfaces d\u00e9licates telles que le parquet.<\/p>\n","protected":false},"excerpt":{"rendered":"<p>Embout en plastique avec feutre rond &nbsp; Embout avec feutre rond : pour pieds tubulaires inclin\u00e9s Les embouts avec feutre rond sont la solution id\u00e9ale comme base pour les si\u00e8ges et les meubles qui n\u00e9cessitent un support encastr\u00e9 applicable sur des bases inclin\u00e9es. Le profil ail\u00e9 de la tige permet une installation rapide tout en [&hellip;]<\/p>\n","protected":false},"featured_media":8277,"comment_status":"closed","ping_status":"closed","template":"","meta":{"_acf_changed":false},"product_brand":[],"product_cat":[150,145],"product_tag":[],"class_list":{"0":"post-8349","1":"product","2":"type-product","3":"status-publish","4":"has-post-thumbnail","6":"product_cat-embouts-et-coussinets","7":"product_cat-pare-coups-et-pieds","9":"first","10":"instock","11":"shipping-taxable","12":"product-type-simple"},"acf":[],"_links":{"self":[{"href":"https:\/\/magazzinimanzanesi.it\/fr\/wp-json\/wp\/v2\/product\/8349","targetHints":{"allow":["GET"]}}],"collection":[{"href":"https:\/\/magazzinimanzanesi.it\/fr\/wp-json\/wp\/v2\/product"}],"about":[{"href":"https:\/\/magazzinimanzanesi.it\/fr\/wp-json\/wp\/v2\/types\/product"}],"replies":[{"embeddable":true,"href":"https:\/\/magazzinimanzanesi.it\/fr\/wp-json\/wp\/v2\/comments?post=8349"}],"wp:featuredmedia":[{"embeddable":true,"href":"https:\/\/magazzinimanzanesi.it\/fr\/wp-json\/wp\/v2\/media\/8277"}],"wp:attachment":[{"href":"https:\/\/magazzinimanzanesi.it\/fr\/wp-json\/wp\/v2\/media?parent=8349"}],"wp:term":[{"taxonomy":"product_brand","embeddable":true,"href":"https:\/\/magazzinimanzanesi.it\/fr\/wp-json\/wp\/v2\/product_brand?post=8349"},{"taxonomy":"product_cat","embeddable":true,"href":"https:\/\/magazzinimanzanesi.it\/fr\/wp-json\/wp\/v2\/product_cat?post=8349"},{"taxonomy":"product_tag","embeddable":true,"href":"https:\/\/magazzinimanzanesi.it\/fr\/wp-json\/wp\/v2\/product_tag?post=8349"}],"curies":[{"name":"wp","href":"https:\/\/api.w.org\/{rel}","templated":true}]}}